{"id":780,"date":"2025-09-14T11:33:24","date_gmt":"2025-09-14T11:33:24","guid":{"rendered":"https:\/\/orecatool.com\/contacte-nos\/"},"modified":"2025-10-14T21:07:46","modified_gmt":"2025-10-14T21:07:46","slug":"contacte-nos","status":"publish","type":"page","link":"https:\/\/orecatool.com\/pt-pt\/contacte-nos\/","title":{"rendered":"Contacte-nos"},"content":{"rendered":"\t\t<div data-elementor-type=\"wp-page\" data-elementor-id=\"780\" class=\"elementor elementor-780 elementor-15\" data-elementor-post-type=\"page\">\n\t\t\t\t\t\t<section class=\"elementor-section elementor-top-section elementor-element elementor-element-5c4d642e elementor-section-height-min-height elementor-section-items-stretch elementor-section-content-top elementor-section-full_width elementor-section-height-default\" data-id=\"5c4d642e\" data-element_type=\"section\" data-settings=\"{&quot;background_background&quot;:&quot;classic&quot;}\">\n\t\t\t\t\t\t<div class=\"elementor-container elementor-column-gap-no\">\n\t\t\t\t\t<div class=\"elementor-column elementor-col-100 elementor-top-column elementor-element elementor-element-6350e5f9\" data-id=\"6350e5f9\" data-element_type=\"column\">\n\t\t\t<div class=\"elementor-widget-wrap elementor-element-populated\">\n\t\t\t\t\t\t<section class=\"elementor-section elementor-inner-section elementor-element elementor-element-3ff05345 elementor-section-boxed elementor-section-height-default elementor-section-height-default\" data-id=\"3ff05345\" data-element_type=\"section\">\n\t\t\t\t\t\t<div class=\"elementor-container elementor-column-gap-no\">\n\t\t\t\t\t<div class=\"elementor-column elementor-col-100 elementor-inner-column elementor-element elementor-element-7ca1f99f\" data-id=\"7ca1f99f\" data-element_type=\"column\">\n\t\t\t<div class=\"elementor-widget-wrap elementor-element-populated\">\n\t\t\t\t\t\t<div class=\"elementor-element elementor-element-377dbdb elementor-widget elementor-widget-spacer\" data-id=\"377dbdb\" data-element_type=\"widget\" data-widget_type=\"spacer.default\">\n\t\t\t\t\t\t\t<div class=\"elementor-spacer\">\n\t\t\t<div class=\"elementor-spacer-inner\"><\/div>\n\t\t<\/div>\n\t\t\t\t\t\t<\/div>\n\t\t\t\t<div class=\"elementor-element elementor-element-36ebf6e1 elementor-invisible elementor-widget elementor-widget-heading\" data-id=\"36ebf6e1\" data-element_type=\"widget\" data-settings=\"{&quot;_animation&quot;:&quot;fadeIn&quot;}\" data-widget_type=\"heading.default\">\n\t\t\t\t\t<h1 class=\"elementor-heading-title elementor-size-default\">Entre em contacto connosco<\/h1>\t\t\t\t<\/div>\n\t\t\t\t<div class=\"elementor-element elementor-element-70d1247a elementor-widget-divider--view-line elementor-invisible elementor-widget elementor-widget-divider\" data-id=\"70d1247a\" data-element_type=\"widget\" data-settings=\"{&quot;_animation&quot;:&quot;fadeIn&quot;,&quot;_animation_delay&quot;:&quot;200&quot;}\" data-widget_type=\"divider.default\">\n\t\t\t\t\t\t\t<div class=\"elementor-divider\">\n\t\t\t<span class=\"elementor-divider-separator\">\n\t\t\t\t\t\t<\/span>\n\t\t<\/div>\n\t\t\t\t\t\t<\/div>\n\t\t\t\t<div class=\"elementor-element elementor-element-36c120cd elementor-widget elementor-widget-text-editor\" data-id=\"36c120cd\" data-element_type=\"widget\" data-widget_type=\"text-editor.default\">\n\t\t\t\t\t\t\t\t\t<p>Por favor, contacte-nos para conhecer os nossos produtos e trabalhar em conjunto no processo de produ\u00e7\u00e3o<\/p>\t\t\t\t\t\t\t\t<\/div>\n\t\t\t\t<div class=\"elementor-element elementor-element-66e07e3f elementor-position-left elementor-view-default elementor-mobile-position-top elementor-widget elementor-widget-icon-box\" data-id=\"66e07e3f\" data-element_type=\"widget\" data-widget_type=\"icon-box.default\">\n\t\t\t\t\t\t\t<div class=\"elementor-icon-box-wrapper\">\n\n\t\t\t\t\t\t<div class=\"elementor-icon-box-icon\">\n\t\t\t\t<span  class=\"elementor-icon\">\n\t\t\t\t<svg xmlns=\"http:\/\/www.w3.org\/2000\/svg\" id=\"bca0b969-da00-4909-80b0-f45b795ed16e\" data-name=\"Layer 1\" width=\"45\" height=\"45\" viewBox=\"0 0 45 45\"><rect x=\"21.4279\" y=\"3.2923\" width=\"1.0465\" height=\"3.2928\"><\/rect><path d=\"M21.5,44A22.5,22.5,0,1,1,44,21.5,22.5253,22.5253,0,0,1,21.5,44ZM21.5.0465A21.4535,21.4535,0,1,0,42.9535,21.5,21.4778,21.4778,0,0,0,21.5.0465Z\" transform=\"translate(1 1)\"><\/path><polygon points=\"29.351 30.075 21.428 24.981 21.428 10.427 22.474 10.427 22.474 24.409 29.918 29.194 29.351 30.075\"><\/polygon><rect x=\"21.4279\" y=\"38.4143\" width=\"1.0465\" height=\"3.2928\"><\/rect><rect x=\"3.8416\" y=\"20.8791\" width=\"3.2928\" height=\"1.0465\"><\/rect><rect x=\"38.4143\" y=\"20.8791\" width=\"3.2928\" height=\"1.0465\"><\/rect><\/svg>\t\t\t\t<\/span>\n\t\t\t<\/div>\n\t\t\t\n\t\t\t\t\t\t<div class=\"elementor-icon-box-content\">\n\n\t\t\t\t\t\t\t\t\t<h3 class=\"elementor-icon-box-title\">\n\t\t\t\t\t\t<span  >\n\t\t\t\t\t\t\tHor\u00e1rio de Funcionamento\t\t\t\t\t\t<\/span>\n\t\t\t\t\t<\/h3>\n\t\t\t\t\n\t\t\t\t\t\t\t\t\t<p class=\"elementor-icon-box-description\">\n\t\t\t\t\t\tSegunda a Sexta: 09:00-18:00<br>S\u00e1bado: 09:00-13:00<br>Domingo: Encerrado\n\t\t\t\t\t<\/p>\n\t\t\t\t\n\t\t\t<\/div>\n\t\t\t\n\t\t<\/div>\n\t\t\t\t\t\t<\/div>\n\t\t\t\t<div class=\"elementor-element elementor-element-4432d935 elementor-position-left elementor-view-default elementor-mobile-position-top elementor-widget elementor-widget-icon-box\" data-id=\"4432d935\" data-element_type=\"widget\" data-widget_type=\"icon-box.default\">\n\t\t\t\t\t\t\t<div class=\"elementor-icon-box-wrapper\">\n\n\t\t\t\t\t\t<div class=\"elementor-icon-box-icon\">\n\t\t\t\t<span  class=\"elementor-icon\">\n\t\t\t\t<svg xmlns=\"http:\/\/www.w3.org\/2000\/svg\" id=\"f7651d76-ee00-4083-9c64-2796abaebea1\" data-name=\"Layer 1\" width=\"45\" height=\"34.6149\" viewBox=\"0 0 45 34.6149\"><path d=\"M1,.7692V35.3841H46V.7692Zm43.06.9575L23.5,16.3357,2.9391,1.7267Zm-42.1029,32.7V2.2038L23.5,17.51,45.0425,2.2042V34.4266Z\" transform=\"translate(-1 -0.7692)\"><\/path><rect x=\"4.6152\" y=\"24.3289\" width=\"10.9615\" height=\"0.9575\"><\/rect><rect x=\"4.6152\" y=\"28.3672\" width=\"5.7695\" height=\"0.9574\"><\/rect><\/svg>\t\t\t\t<\/span>\n\t\t\t<\/div>\n\t\t\t\n\t\t\t\t\t\t<div class=\"elementor-icon-box-content\">\n\n\t\t\t\t\t\t\t\t\t<h4 class=\"elementor-icon-box-title\">\n\t\t\t\t\t\t<span  >\n\t\t\t\t\t\t\tE-mail\t\t\t\t\t\t<\/span>\n\t\t\t\t\t<\/h4>\n\t\t\t\t\n\t\t\t\t\t\t\t\t\t<p class=\"elementor-icon-box-description\">\n\t\t\t\t\t\tinfo@tecus.com.tr\t\t\t\t\t<\/p>\n\t\t\t\t\n\t\t\t<\/div>\n\t\t\t\n\t\t<\/div>\n\t\t\t\t\t\t<\/div>\n\t\t\t\t<div class=\"elementor-element elementor-element-6c246266 elementor-position-left elementor-view-default elementor-mobile-position-top elementor-widget elementor-widget-icon-box\" data-id=\"6c246266\" data-element_type=\"widget\" data-widget_type=\"icon-box.default\">\n\t\t\t\t\t\t\t<div class=\"elementor-icon-box-wrapper\">\n\n\t\t\t\t\t\t<div class=\"elementor-icon-box-icon\">\n\t\t\t\t<span  class=\"elementor-icon\">\n\t\t\t\t<svg xmlns=\"http:\/\/www.w3.org\/2000\/svg\" id=\"f4c81fb4-425f-4ac6-9e17-c0fe23bc1ab5\" data-name=\"Layer 1\" width=\"28.8462\" height=\"45\" viewBox=\"0 0 28.8462 45\"><path d=\"M22.7115,32.9362a90.8161,90.8161,0,0,0,4.96-9.147c1.4982-3.2848,2.2519-5.8716,2.2519-7.6861a14.4231,14.4231,0,0,0-28.8462,0c0,1.8145.7537,4.4013,2.2519,7.6861a90.8161,90.8161,0,0,0,4.96,9.147c1.861,3.0614,3.722,5.853,4.96,7.6489.093.14.1861.27.27.4a17.4648,17.4648,0,0,0-4.1408.7724,6.3447,6.3447,0,0,0-1.8518.9118,1.2729,1.2729,0,0,0,0,2.2519,6.1185,6.1185,0,0,0,1.8518.9119A20.0544,20.0544,0,0,0,15.5,46.68a20.0544,20.0544,0,0,0,6.1228-.8468,6.1185,6.1185,0,0,0,1.8518-.9119,1.2729,1.2729,0,0,0,0-2.2519,6.3447,6.3447,0,0,0-1.8518-.9118,17.5478,17.5478,0,0,0-4.15-.7724c.093-.13.1861-.2605.2791-.4C18.99,38.7892,20.8505,35.9976,22.7115,32.9362Zm-1.3864,9.7054a5.2549,5.2549,0,0,1,1.5726.763c.27.2047.3256.3535.3256.3908s-.0558.1861-.3256.3908a5.3739,5.3739,0,0,1-1.5726.763,18.9786,18.9786,0,0,1-5.8251.8,18.9786,18.9786,0,0,1-5.8251-.8,5.3739,5.3739,0,0,1-1.5726-.763c-.27-.2047-.3256-.3536-.3256-.3908s.0558-.1861.3256-.3908a5.2549,5.2549,0,0,1,1.5726-.763,17.46,17.46,0,0,1,4.4665-.7631c.2792.4095.53.7631.7352,1.0515l.6234.8654.6234-.8654c.2048-.2884.4467-.642.7352-1.0515A17.46,17.46,0,0,1,21.3251,42.6416ZM16.9888,40.064c-.2047.3071-.4094.5862-.5955.8561-.2326.3443-.456.6513-.6514.9212-.0837.13-.1674.2419-.2419.3536-.0745-.1117-.1582-.2233-.2419-.3536-.1954-.27-.4188-.5769-.6514-.9212-.1861-.27-.3908-.549-.5955-.8561-1.2283-1.7959-3.08-4.5688-4.9318-7.6117a90.6281,90.6281,0,0,1-4.9038-9.0447c-1.4423-3.1637-2.1682-5.62-2.1682-7.3045a13.4926,13.4926,0,1,1,26.9852,0c0,1.6842-.7259,4.1408-2.1682,7.3045a89.7474,89.7474,0,0,1-4.9038,9.0447C20.0688,35.4952,18.2171,38.2681,16.9888,40.064Z\" transform=\"translate(-1.0769 -1.68)\"><\/path><path d=\"M15.5,8.6031a5.7693,5.7693,0,1,0,5.7692,5.7692A5.7741,5.7741,0,0,0,15.5,8.6031Zm0,10.6079a4.8387,4.8387,0,1,1,4.8387-4.8387A4.8409,4.8409,0,0,1,15.5,19.211Z\" transform=\"translate(-1.0769 -1.68)\"><\/path><\/svg>\t\t\t\t<\/span>\n\t\t\t<\/div>\n\t\t\t\n\t\t\t\t\t\t<div class=\"elementor-icon-box-content\">\n\n\t\t\t\t\t\t\t\t\t<h4 class=\"elementor-icon-box-title\">\n\t\t\t\t\t\t<span  >\n\t\t\t\t\t\t\tMorada\t\t\t\t\t\t<\/span>\n\t\t\t\t\t<\/h4>\n\t\t\t\t\n\t\t\t\t\t\t\t\t\t<p class=\"elementor-icon-box-description\">\n\t\t\t\t\t\tOstim Osb 1187. cd no:34 <br>06374 Yenimahalle\/Ankara\/Turkiye \t\t\t\t\t<\/p>\n\t\t\t\t\n\t\t\t<\/div>\n\t\t\t\n\t\t<\/div>\n\t\t\t\t\t\t<\/div>\n\t\t\t\t<div class=\"elementor-element elementor-element-a2d1945 elementor-position-left elementor-view-default elementor-mobile-position-top elementor-widget elementor-widget-icon-box\" data-id=\"a2d1945\" data-element_type=\"widget\" data-widget_type=\"icon-box.default\">\n\t\t\t\t\t\t\t<div class=\"elementor-icon-box-wrapper\">\n\n\t\t\t\t\t\t<div class=\"elementor-icon-box-icon\">\n\t\t\t\t<span  class=\"elementor-icon\">\n\t\t\t\t<svg aria-hidden=\"true\" class=\"e-font-icon-svg e-fas-phone\" viewBox=\"0 0 512 512\" xmlns=\"http:\/\/www.w3.org\/2000\/svg\"><path d=\"M493.4 24.6l-104-24c-11.3-2.6-22.9 3.3-27.5 13.9l-48 112c-4.2 9.8-1.4 21.3 6.9 28l60.6 49.6c-36 76.7-98.9 140.5-177.2 177.2l-49.6-60.6c-6.8-8.3-18.2-11.1-28-6.9l-112 48C3.9 366.5-2 378.1.6 389.4l24 104C27.1 504.2 36.7 512 48 512c256.1 0 464-207.5 464-464 0-11.2-7.7-20.9-18.6-23.4z\"><\/path><\/svg>\t\t\t\t<\/span>\n\t\t\t<\/div>\n\t\t\t\n\t\t\t\t\t\t<div class=\"elementor-icon-box-content\">\n\n\t\t\t\t\t\t\t\t\t<h4 class=\"elementor-icon-box-title\">\n\t\t\t\t\t\t<span  >\n\t\t\t\t\t\t\tTelefone\t\t\t\t\t\t<\/span>\n\t\t\t\t\t<\/h4>\n\t\t\t\t\n\t\t\t\t\t\t\t\t\t<p class=\"elementor-icon-box-description\">\n\t\t\t\t\t\t+90 312 354 1 444\t\t\t\t\t<\/p>\n\t\t\t\t\n\t\t\t<\/div>\n\t\t\t\n\t\t<\/div>\n\t\t\t\t\t\t<\/div>\n\t\t\t\t\t<\/div>\n\t\t<\/div>\n\t\t\t\t\t<\/div>\n\t\t<\/section>\n\t\t\t\t<div class=\"elementor-element elementor-element-684e0996 elementor-widget__width-initial elementor-widget-tablet__width-initial elementor-widget-mobile__width-inherit elementor-absolute elementor-invisible elementor-widget elementor-widget-image\" data-id=\"684e0996\" data-element_type=\"widget\" data-settings=\"{&quot;_animation&quot;:&quot;slideInRight&quot;,&quot;_position&quot;:&quot;absolute&quot;}\" data-widget_type=\"image.default\">\n\t\t\t\t\t\t\t\t\t\t\t\t\t\t\t<img fetchpriority=\"high\" decoding=\"async\" width=\"612\" height=\"323\" src=\"https:\/\/orecatool.com\/wp-content\/uploads\/2025\/09\/istockphoto-896359458-612x612-1.jpg\" class=\"attachment-large size-large wp-image-781\" alt=\"\" srcset=\"https:\/\/orecatool.com\/wp-content\/uploads\/2025\/09\/istockphoto-896359458-612x612-1.jpg 612w, https:\/\/orecatool.com\/wp-content\/uploads\/2025\/09\/istockphoto-896359458-612x612-1-300x158.jpg 300w\" sizes=\"(max-width: 612px) 100vw, 612px\" \/>\t\t\t\t\t\t\t\t\t\t\t\t\t\t\t<\/div>\n\t\t\t\t\t<\/div>\n\t\t<\/div>\n\t\t\t\t\t<\/div>\n\t\t<\/section>\n\t\t\t\t<section class=\"elementor-section elementor-top-section elementor-element elementor-element-757c4600 elementor-section-height-min-height elementor-section-content-middle elementor-section-full_width elementor-section-items-stretch elementor-section-height-default\" data-id=\"757c4600\" data-element_type=\"section\">\n\t\t\t\t\t\t<div class=\"elementor-container elementor-column-gap-no\">\n\t\t\t\t\t<div class=\"elementor-column elementor-col-50 elementor-top-column elementor-element elementor-element-692c11e1\" data-id=\"692c11e1\" data-element_type=\"column\" data-settings=\"{&quot;background_background&quot;:&quot;classic&quot;}\">\n\t\t\t<div class=\"elementor-widget-wrap elementor-element-populated\">\n\t\t\t\t\t<div class=\"elementor-background-overlay\"><\/div>\n\t\t\t\t\t\t<div class=\"elementor-element elementor-element-2e089762 elementor-widget elementor-widget-google_maps\" data-id=\"2e089762\" data-element_type=\"widget\" data-widget_type=\"google_maps.default\">\n\t\t\t\t\t\t\t<div class=\"elementor-custom-embed\">\n\t\t\t<iframe loading=\"lazy\"\n\t\t\t\t\tsrc=\"https:\/\/maps.google.com\/maps?q=Ostim%20Osb%201187.%20cd%20no%3A34%2006374%20Yenimahalle%2FAnkara%2FTurkiye&#038;t=m&#038;z=16&#038;output=embed&#038;iwloc=near\"\n\t\t\t\t\ttitle=\"Ostim Osb 1187. cd no:34 06374 Yenimahalle\/Ankara\/Turkiye\"\n\t\t\t\t\taria-label=\"Ostim Osb 1187. cd no:34 06374 Yenimahalle\/Ankara\/Turkiye\"\n\t\t\t><\/iframe>\n\t\t<\/div>\n\t\t\t\t\t\t<\/div>\n\t\t\t\t\t<\/div>\n\t\t<\/div>\n\t\t\t\t<div class=\"elementor-column elementor-col-50 elementor-top-column elementor-element elementor-element-6a6a147f\" data-id=\"6a6a147f\" data-element_type=\"column\">\n\t\t\t<div class=\"elementor-widget-wrap elementor-element-populated\">\n\t\t\t\t\t\t<div class=\"elementor-element elementor-element-75753130 elementor-widget-divider--view-line elementor-invisible elementor-widget elementor-widget-divider\" data-id=\"75753130\" data-element_type=\"widget\" data-settings=\"{&quot;_animation&quot;:&quot;slideInRight&quot;}\" data-widget_type=\"divider.default\">\n\t\t\t\t\t\t\t<div class=\"elementor-divider\">\n\t\t\t<span class=\"elementor-divider-separator\">\n\t\t\t\t\t\t<\/span>\n\t\t<\/div>\n\t\t\t\t\t\t<\/div>\n\t\t\t\t\t<\/div>\n\t\t<\/div>\n\t\t\t\t\t<\/div>\n\t\t<\/section>\n\t\t\t\t<section class=\"elementor-section elementor-top-section elementor-element elementor-element-bbd64e3 elementor-section-height-min-height elementor-section-content-top elementor-section-boxed elementor-section-height-default elementor-section-items-middle\" data-id=\"bbd64e3\" data-element_type=\"section\">\n\t\t\t\t\t\t<div class=\"elementor-container elementor-column-gap-no\">\n\t\t\t\t\t<div class=\"elementor-column elementor-col-25 elementor-top-column elementor-element elementor-element-3d140a6\" data-id=\"3d140a6\" data-element_type=\"column\">\n\t\t\t<div class=\"elementor-widget-wrap elementor-element-populated\">\n\t\t\t\t\t\t<div class=\"elementor-element elementor-element-2b21515 elementor-widget elementor-widget-image\" data-id=\"2b21515\" data-element_type=\"widget\" data-widget_type=\"image.default\">\n\t\t\t\t\t\t\t\t\t\t\t\t\t\t\t<img decoding=\"async\" width=\"149\" height=\"33\" src=\"https:\/\/orecatool.com\/wp-content\/uploads\/2025\/09\/oreca-beyaz.png\" class=\"attachment-full size-full wp-image-762\" alt=\"\" \/>\t\t\t\t\t\t\t\t\t\t\t\t\t\t\t<\/div>\n\t\t\t\t<div class=\"elementor-element elementor-element-61ada8e elementor-widget elementor-widget-text-editor\" data-id=\"61ada8e\" data-element_type=\"widget\" data-widget_type=\"text-editor.default\">\n\t\t\t\t\t\t\t\t\t<p>Suportes de ferramentas de alta qualidade e precis\u00e3o a pre\u00e7os acess\u00edveis<\/p>\t\t\t\t\t\t\t\t<\/div>\n\t\t\t\t\t<\/div>\n\t\t<\/div>\n\t\t\t\t<div class=\"elementor-column elementor-col-25 elementor-top-column elementor-element elementor-element-4d884b2\" data-id=\"4d884b2\" data-element_type=\"column\">\n\t\t\t<div class=\"elementor-widget-wrap elementor-element-populated\">\n\t\t\t\t\t\t<div class=\"elementor-element elementor-element-ca58587 elementor-widget elementor-widget-heading\" data-id=\"ca58587\" data-element_type=\"widget\" data-widget_type=\"heading.default\">\n\t\t\t\t\t<h5 class=\"elementor-heading-title elementor-size-default\">Liga\u00e7\u00e3o R\u00e1pida<\/h5>\t\t\t\t<\/div>\n\t\t\t\t<div class=\"elementor-element elementor-element-b7f51e6 elementor-mobile-align-center elementor-icon-list--layout-traditional elementor-list-item-link-full_width elementor-widget elementor-widget-icon-list\" data-id=\"b7f51e6\" data-element_type=\"widget\" data-widget_type=\"icon-list.default\">\n\t\t\t\t\t\t\t<ul class=\"elementor-icon-list-items\">\n\t\t\t\t\t\t\t<li class=\"elementor-icon-list-item\">\n\t\t\t\t\t\t\t\t\t\t\t<a href=\"https:\/\/orecatool.com\/pt-pt\/\">\n\n\t\t\t\t\t\t\t\t\t\t\t<span class=\"elementor-icon-list-text\">P\u00e1gina Inicial<\/span>\n\t\t\t\t\t\t\t\t\t\t\t<\/a>\n\t\t\t\t\t\t\t\t\t<\/li>\n\t\t\t\t\t\t\t\t<li class=\"elementor-icon-list-item\">\n\t\t\t\t\t\t\t\t\t\t\t<a href=\"https:\/\/orecatool.com\/pt-pt\/sobre-nos\/\">\n\n\t\t\t\t\t\t\t\t\t\t\t<span class=\"elementor-icon-list-text\">Sobre N\u00f3s<\/span>\n\t\t\t\t\t\t\t\t\t\t\t<\/a>\n\t\t\t\t\t\t\t\t\t<\/li>\n\t\t\t\t\t\t\t\t<li class=\"elementor-icon-list-item\">\n\t\t\t\t\t\t\t\t\t\t\t<a href=\"https:\/\/orecatool.com\/pt-pt\/contacte-nos\/\">\n\n\t\t\t\t\t\t\t\t\t\t\t<span class=\"elementor-icon-list-text\">Contacto<\/span>\n\t\t\t\t\t\t\t\t\t\t\t<\/a>\n\t\t\t\t\t\t\t\t\t<\/li>\n\t\t\t\t\t\t<\/ul>\n\t\t\t\t\t\t<\/div>\n\t\t\t\t\t<\/div>\n\t\t<\/div>\n\t\t\t\t<div class=\"elementor-column elementor-col-25 elementor-top-column elementor-element elementor-element-38d8788\" data-id=\"38d8788\" data-element_type=\"column\">\n\t\t\t<div class=\"elementor-widget-wrap elementor-element-populated\">\n\t\t\t\t\t\t<div class=\"elementor-element elementor-element-bbaa3c6 elementor-widget elementor-widget-heading\" data-id=\"bbaa3c6\" data-element_type=\"widget\" data-widget_type=\"heading.default\">\n\t\t\t\t\t<h5 class=\"elementor-heading-title elementor-size-default\">Hor\u00e1rio de Funcionamento<\/h5>\t\t\t\t<\/div>\n\t\t\t\t<div class=\"elementor-element elementor-element-c083428 elementor-list-item-link-inline elementor-mobile-align-center elementor-icon-list--layout-traditional elementor-widget elementor-widget-icon-list\" data-id=\"c083428\" data-element_type=\"widget\" data-widget_type=\"icon-list.default\">\n\t\t\t\t\t\t\t<ul class=\"elementor-icon-list-items\">\n\t\t\t\t\t\t\t<li class=\"elementor-icon-list-item\">\n\t\t\t\t\t\t\t\t\t\t<span class=\"elementor-icon-list-text\">Segunda a Sexta 09:00-18:00<\/span>\n\t\t\t\t\t\t\t\t\t<\/li>\n\t\t\t\t\t\t\t\t<li class=\"elementor-icon-list-item\">\n\t\t\t\t\t\t\t\t\t\t<span class=\"elementor-icon-list-text\">S\u00e1bado: 09:00-13:00<\/span>\n\t\t\t\t\t\t\t\t\t<\/li>\n\t\t\t\t\t\t\t\t<li class=\"elementor-icon-list-item\">\n\t\t\t\t\t\t\t\t\t\t\t<a href=\"#\">\n\n\t\t\t\t\t\t\t\t\t\t\t<span class=\"elementor-icon-list-text\">Domingo: Encerrado<\/span>\n\t\t\t\t\t\t\t\t\t\t\t<\/a>\n\t\t\t\t\t\t\t\t\t<\/li>\n\t\t\t\t\t\t<\/ul>\n\t\t\t\t\t\t<\/div>\n\t\t\t\t\t<\/div>\n\t\t<\/div>\n\t\t\t\t<div class=\"elementor-column elementor-col-25 elementor-top-column elementor-element elementor-element-cfaae36\" data-id=\"cfaae36\" data-element_type=\"column\">\n\t\t\t<div class=\"elementor-widget-wrap elementor-element-populated\">\n\t\t\t\t\t\t<div class=\"elementor-element elementor-element-ce9f8f8 elementor-widget elementor-widget-heading\" data-id=\"ce9f8f8\" data-element_type=\"widget\" data-widget_type=\"heading.default\">\n\t\t\t\t\t<h5 class=\"elementor-heading-title elementor-size-default\">Contacto<\/h5>\t\t\t\t<\/div>\n\t\t\t\t<div class=\"elementor-element elementor-element-4309848 elementor-mobile-align-center elementor-widget__width-initial elementor-widget-tablet__width-initial elementor-widget-mobile__width-initial elementor-icon-list--layout-traditional elementor-list-item-link-full_width elementor-widget elementor-widget-icon-list\" data-id=\"4309848\" data-element_type=\"widget\" data-widget_type=\"icon-list.default\">\n\t\t\t\t\t\t\t<ul class=\"elementor-icon-list-items\">\n\t\t\t\t\t\t\t<li class=\"elementor-icon-list-item\">\n\t\t\t\t\t\t\t\t\t\t<span class=\"elementor-icon-list-text\">E-mail: info@orecatool.com<\/span>\n\t\t\t\t\t\t\t\t\t<\/li>\n\t\t\t\t\t\t\t\t<li class=\"elementor-icon-list-item\">\n\t\t\t\t\t\t\t\t\t\t<span class=\"elementor-icon-list-text\">Tel.: +90 312 354 1 444<\/span>\n\t\t\t\t\t\t\t\t\t<\/li>\n\t\t\t\t\t\t<\/ul>\n\t\t\t\t\t\t<\/div>\n\t\t\t\t\t<\/div>\n\t\t<\/div>\n\t\t\t\t\t<\/div>\n\t\t<\/section>\n\t\t\t\t<\/div>\n\t\t","protected":false},"excerpt":{"rendered":"<p>Entre em contacto connosco Por favor, contacte-nos para conhecer os nossos produtos e trabalhar em conjunto no processo de produ\u00e7\u00e3o Hor\u00e1rio de Funcionamento Segunda a Sexta: 09:00-18:00S\u00e1bado: 09:00-13:00Domingo: Encerrado E-mail info@tecus.com.tr Morada Ostim Osb 1187. cd no:34 06374 Yenimahalle\/Ankara\/Turkiye Telefone +90 312 354 1 444 Suportes de ferramentas de alta qualidade e precis\u00e3o a pre\u00e7os [&hellip;]<\/p>\n","protected":false},"author":1,"featured_media":783,"parent":0,"menu_order":0,"comment_status":"closed","ping_status":"closed","template":"","meta":{"footnotes":""},"class_list":["post-780","page","type-page","status-publish","has-post-thumbnail","hentry"],"_links":{"self":[{"href":"https:\/\/orecatool.com\/pt-pt\/wp-json\/wp\/v2\/pages\/780","targetHints":{"allow":["GET"]}}],"collection":[{"href":"https:\/\/orecatool.com\/pt-pt\/wp-json\/wp\/v2\/pages"}],"about":[{"href":"https:\/\/orecatool.com\/pt-pt\/wp-json\/wp\/v2\/types\/page"}],"author":[{"embeddable":true,"href":"https:\/\/orecatool.com\/pt-pt\/wp-json\/wp\/v2\/users\/1"}],"replies":[{"embeddable":true,"href":"https:\/\/orecatool.com\/pt-pt\/wp-json\/wp\/v2\/comments?post=780"}],"version-history":[{"count":4,"href":"https:\/\/orecatool.com\/pt-pt\/wp-json\/wp\/v2\/pages\/780\/revisions"}],"predecessor-version":[{"id":792,"href":"https:\/\/orecatool.com\/pt-pt\/wp-json\/wp\/v2\/pages\/780\/revisions\/792"}],"wp:featuredmedia":[{"embeddable":true,"href":"https:\/\/orecatool.com\/pt-pt\/wp-json\/wp\/v2\/media\/783"}],"wp:attachment":[{"href":"https:\/\/orecatool.com\/pt-pt\/wp-json\/wp\/v2\/media?parent=780"}],"curies":[{"name":"wp","href":"https:\/\/api.w.org\/{rel}","templated":true}]}}